{"id":11287,"date":"2025-09-01T23:24:53","date_gmt":"2025-09-01T23:24:53","guid":{"rendered":"https:\/\/repairware.ca\/?page_id=11287"},"modified":"2025-10-03T15:03:00","modified_gmt":"2025-10-03T15:03:00","slug":"procducts-serviced-by-repairware","status":"publish","type":"page","link":"https:\/\/repairware.ca\/fr\/procducts-serviced-by-repairware\/","title":{"rendered":"Produits repare par RepairWare"},"content":{"rendered":"<div data-elementor-type=\"wp-page\" data-elementor-id=\"11287\" class=\"elementor elementor-11287\" data-elementor-post-type=\"page\">\n\t\t\t\t<div class=\"elementor-element elementor-element-97fb2b4 e-flex e-con-boxed e-con e-parent\" data-id=\"97fb2b4\" data-element_type=\"container\" data-e-type=\"container\">\n\t\t\t\t\t<div class=\"e-con-inner\">\n\t\t<div class=\"elementor-element elementor-element-466caf4 e-con-full e-flex e-con e-child\" data-id=\"466caf4\" data-element_type=\"container\" data-e-type=\"container\" data-settings=\"{&quot;background_background&quot;:&quot;classic&quot;}\">\n\t\t\t\t<div class=\"elementor-element elementor-element-92e5b1c elementor-widget elementor-widget-text-editor\" data-id=\"92e5b1c\" data-element_type=\"widget\" data-e-type=\"widget\" data-widget_type=\"text-editor.default\">\n\t\t\t\t\t\t\t\t\t<div class=\"repairware-services-by-model\"><h2>Produits que nous entretenons par principaux mod\u00e8les<\/h2><p>Chez RepairWare, nos techniciens certifi\u00e9s sont form\u00e9s pour entretenir tous les types et toutes les marques d\u2019appareils \u00e9lectrom\u00e9nagers. Si votre produit ne figure pas dans la liste ci-dessous, n\u2019h\u00e9sitez pas \u00e0 nous appeler \u2014 il y a de fortes chances que nous puissions quand m\u00eame vous aider!<\/p><hr \/><h3>R\u00e9frig\u00e9rateurs et Cong\u00e9lateurs<\/h3><p><img fetchpriority=\"high\" decoding=\"async\" class=\"size-medium wp-image-11289 alignright\" src=\"http:\/\/repairware.ca\/wp-content\/uploads\/2025\/09\/Gemini_Generated_Image_tpzm0xtpzm0xtpzm-300x300.png\" alt=\"A RepairWare technician with a tool bag next to a stainless steel refrigerator.\" width=\"300\" height=\"300\" srcset=\"https:\/\/repairware.ca\/wp-content\/uploads\/2025\/09\/Gemini_Generated_Image_tpzm0xtpzm0xtpzm-300x300.png 300w, https:\/\/repairware.ca\/wp-content\/uploads\/2025\/09\/Gemini_Generated_Image_tpzm0xtpzm0xtpzm-1024x1024.png 1024w, https:\/\/repairware.ca\/wp-content\/uploads\/2025\/09\/Gemini_Generated_Image_tpzm0xtpzm0xtpzm-150x150.png 150w, https:\/\/repairware.ca\/wp-content\/uploads\/2025\/09\/Gemini_Generated_Image_tpzm0xtpzm0xtpzm-768x768.png 768w, https:\/\/repairware.ca\/wp-content\/uploads\/2025\/09\/Gemini_Generated_Image_tpzm0xtpzm0xtpzm-1536x1536.png 1536w, https:\/\/repairware.ca\/wp-content\/uploads\/2025\/09\/Gemini_Generated_Image_tpzm0xtpzm0xtpzm-12x12.png 12w, https:\/\/repairware.ca\/wp-content\/uploads\/2025\/09\/Gemini_Generated_Image_tpzm0xtpzm0xtpzm.png 2048w\" sizes=\"(max-width: 300px) 100vw, 300px\" \/><\/p><p>Nos experts entretiennent tous les types de r\u00e9frig\u00e9rateurs et de cong\u00e9lateurs, des mod\u00e8les standards aux appareils intelligents de haute technologie.<\/p><ul><li class=\"translation-block\"><strong><a href=\"https:\/\/repairware.ca\/fr\/samsung-appliance-repair-montreal\/\" target=\"_blank\" rel=\"noopener\">Samsung<\/a>:<\/strong> R\u00e9frig\u00e9rateurs \u00e0 portes fran\u00e7aises, c\u00f4te \u00e0 c\u00f4te, intelligents, et cong\u00e9lateurs \u00e0 montage sup\u00e9rieur.<\/li><li class=\"translation-block\"><strong>LG:<\/strong> InstaView, \u00e0 portes fran\u00e7aises, Door-in-Door et Smart ThinQ.<\/li><li class=\"translation-block\"><strong>Whirlpool:<\/strong> Mod\u00e8les c\u00f4te \u00e0 c\u00f4te, \u00e0 portes fran\u00e7aises et classiques avec cong\u00e9lateur en haut.<\/li><li class=\"translation-block\"><strong>Maytag:<\/strong> Unit\u00e9s avec cong\u00e9lateur en haut, cong\u00e9lateur en bas et mod\u00e8les c\u00f4te \u00e0 c\u00f4te.<\/li><li class=\"translation-block\"><strong>General Electric (GE):<\/strong> Tous les mod\u00e8les, y compris les s\u00e9ries Caf\u00e9, Profile et Monogram.<\/li><li class=\"translation-block\"><strong>KitchenAid:<\/strong> Mod\u00e8les \u00e0 profondeur de comptoir, encastr\u00e9s et de la s\u00e9rie professionnelle.<\/li><\/ul><hr \/><h3>Laveuses et s\u00e9cheuses<\/h3><p><img decoding=\"async\" style=\"width: 100%; max-width: 600px; height: auto; display: block; margin: 0 auto 20px;\" src=\"http:\/\/repairware.ca\/wp-content\/uploads\/2025\/09\/RepairWare-tech-fixing-a-washing-machine.png\" \/><\/p><p>Nous offrons des services professionnels de r\u00e9paration et d\u2019entretien pour toutes les machines \u00e0 laver et s\u00e9cheuses r\u00e9sidentielles, y compris les unit\u00e9s tout-en-un.<\/p><ul><li class=\"translation-block\"><strong>Samsung:<\/strong> Syst\u00e8mes de lavage \u00e0 chargement par le dessus, par l\u2019avant et intelligents.<\/li><li class=\"translation-block\"><strong>LG:<\/strong> Laveuses \u00e0 chargement frontal, \u00e0 chargement par le dessus, et ensembles laveuse-s\u00e9cheuse tout-en-un.<\/li><li class=\"translation-block\"><strong>Whirlpool:<\/strong> S\u00e9cheuses \u00e0 chargement par le dessus, \u00e0 chargement frontal, et s\u00e9cheuses \u00e9lectriques.<\/li><li class=\"translation-block\"><strong>Maytag:<\/strong> Mod\u00e8les Commercial Technology (CT) et laveuses \u00e0 haute efficacit\u00e9.<\/li><li class=\"translation-block\"><strong>General Electric (GE):<\/strong> Laveuses \u00e0 chargement par le dessus et par l\u2019avant, ainsi que s\u00e9cheuses \u00e9lectriques.<\/li><li class=\"translation-block\"><strong>Kenmore:<\/strong> Tous les mod\u00e8les de laveuses et de s\u00e9cheuses.<\/li><\/ul><hr \/><h3>Fours, cuisini\u00e8res et plaques de cuisson<\/h3><p><img decoding=\"async\" style=\"width: 100%; max-width: 600px; height: auto; display: block; margin: 0 auto 20px;\" src=\"http:\/\/repairware.ca\/wp-content\/uploads\/2025\/09\/tech-repairing-a-strove-top.png\" \/><\/p><p>Nos techniciens sont comp\u00e9tents dans la r\u00e9paration de tous les principaux appareils de cuisson.<\/p><ul><li class=\"translation-block\"><strong>Samsung:<\/strong> Cuisini\u00e8res \u00e9lectriques, fours encastr\u00e9s et plaques de cuisson.<\/li><li class=\"translation-block\"><strong>Samsung:<\/strong> Cuisini\u00e8res \u00e9lectriques, fours encastr\u00e9s et plaques de cuisson.<\/li><li class=\"translation-block\"><strong>General Electric (GE):<\/strong> Cuisini\u00e8res autoportantes, fours encastr\u00e9s et plaques \u00e0 induction.<\/li><li class=\"translation-block\"><strong>Bosch:<\/strong> Toutes les s\u00e9ries, y compris les fours et plaques de cuisson des s\u00e9ries Benchmark, 800 et 500.<\/li><li class=\"translation-block\"><strong>KitchenAid:<\/strong> Toutes les cuisini\u00e8res, y compris les mod\u00e8les professionnels \u00e0 double combustible et les fours encastr\u00e9s.<\/li><\/ul><hr \/><h3>Lave-vaisselle<\/h3><p><img decoding=\"async\" style=\"width: 100%; max-width: 600px; height: auto; display: block; margin: 0 auto 20px;\" src=\"http:\/\/repairware.ca\/wp-content\/uploads\/2025\/09\/repairware-tech-repairing-a-dishwasher.png\" \/><\/p><p>We service all types of dishwashers, from traditional models to quiet-running integrated units.<\/p><ul><li class=\"translation-block\"><strong>Bosch:<\/strong> Mod\u00e8les des s\u00e9ries Ascenta, 100, 300, 500 et 800.<\/li><li class=\"translation-block\"><strong>Whirlpool:<\/strong> Tous les types, y compris les mod\u00e8les \u00e0 commandes frontales et sup\u00e9rieures.<\/li><li class=\"translation-block\"><strong>General Electric (GE):<\/strong> Mod\u00e8les encastr\u00e9s standards et portables.<\/li><li class=\"translation-block\"><strong>Whirlpool:<\/strong> Tous les types, y compris les mod\u00e8les \u00e0 commandes frontales et sup\u00e9rieures.<\/li><li class=\"translation-block\"><strong>KitchenAid:<\/strong> Tous les mod\u00e8les, y compris leur s\u00e9rie \u00e0 fonctionnement silencieux.<\/li><\/ul><hr \/><\/div>\t\t\t\t\t\t\t\t<\/div>\n\t\t\t\t<\/div>\n\t\t\t\t\t<\/div>\n\t\t\t\t<\/div>\n\t\t<div class=\"elementor-element elementor-element-c05e126 e-flex e-con-boxed e-con e-parent\" data-id=\"c05e126\" data-element_type=\"container\" data-e-type=\"container\">\n\t\t\t\t\t<div class=\"e-con-inner\">\n\t\t<div class=\"elementor-element elementor-element-f469bde e-con-full e-flex e-con e-child\" data-id=\"f469bde\" data-element_type=\"container\" data-e-type=\"container\">\n\t\t<div class=\"elementor-element elementor-element-3fead9e e-con-full e-flex e-con e-child\" data-id=\"3fead9e\" data-element_type=\"container\" data-e-type=\"container\">\n\t\t\t\t<div class=\"elementor-element elementor-element-f5cf947 elementor-widget elementor-widget-image\" data-id=\"f5cf947\" data-element_type=\"widget\" data-e-type=\"widget\" data-settings=\"{&quot;_animation&quot;:&quot;none&quot;}\" data-widget_type=\"image.default\">\n\t\t\t\t\t\t\t\t\t\t\t\t\t\t\t<img decoding=\"async\" width=\"768\" height=\"480\" src=\"https:\/\/repairware.ca\/wp-content\/uploads\/2024\/11\/repaior-stove-768x480.png\" class=\"attachment-medium_large size-medium_large wp-image-9550\" alt=\"\" srcset=\"https:\/\/repairware.ca\/wp-content\/uploads\/2024\/11\/repaior-stove-768x480.png 768w, https:\/\/repairware.ca\/wp-content\/uploads\/2024\/11\/repaior-stove-300x188.png 300w, https:\/\/repairware.ca\/wp-content\/uploads\/2024\/11\/repaior-stove-1024x640.png 1024w, https:\/\/repairware.ca\/wp-content\/uploads\/2024\/11\/repaior-stove-18x12.png 18w, https:\/\/repairware.ca\/wp-content\/uploads\/2024\/11\/repaior-stove.png 1080w\" sizes=\"(max-width: 768px) 100vw, 768px\" \/>\t\t\t\t\t\t\t\t\t\t\t\t\t\t\t<\/div>\n\t\t\t\t<\/div>\n\t\t<div class=\"elementor-element elementor-element-4f84710 e-con-full e-flex e-con e-child\" data-id=\"4f84710\" data-element_type=\"container\" data-e-type=\"container\">\n\t\t\t\t<div class=\"elementor-element elementor-element-b29daa1 elementor-invisible elementor-widget elementor-widget-eael-creative-button\" data-id=\"b29daa1\" data-element_type=\"widget\" data-e-type=\"widget\" data-settings=\"{&quot;_animation&quot;:&quot;fadeInRight&quot;}\" data-widget_type=\"eael-creative-button.default\">\n\t\t\t\t\t        <div class=\"eael-creative-button-wrapper\">\n\n            <a class=\"eael-creative-button eael-creative-button--moema eael-cb-icon-position-left\" href=\"https:\/\/book.housecallpro.com\/book\/RepairWare---Appliance--Fitness-Repair-Professionals\/aa3490af6c62436e89abca527c11cff0?v2=true\" data-text=\"Go!\">\n            \t    \n                <div class=\"creative-button-inner\">\n\n                                            <span class=\"eael-creative-button-icon-left\"><svg aria-hidden=\"true\" class=\"e-font-icon-svg e-fas-clock\" viewbox=\"0 0 512 512\" xmlns=\"http:\/\/www.w3.org\/2000\/svg\"><path d=\"M256,8C119,8,8,119,8,256S119,504,256,504,504,393,504,256,393,8,256,8Zm92.49,313h0l-20,25a16,16,0,0,1-22.49,2.5h0l-67-49.72a40,40,0,0,1-15-31.23V112a16,16,0,0,1,16-16h32a16,16,0,0,1,16,16V256l58,42.5A16,16,0,0,1,348.49,321Z\"><\/path><\/svg><\/span>                    \n                    <span class=\"cretive-button-text\">R\u00c9SERVEZ MAINTENANT EN LIGNE<\/span>\n\n                                    <\/div>\n\t                        <\/a>\n        <\/div>\n        \t\t\t\t<\/div>\n\t\t\t\t<div class=\"elementor-element elementor-element-26f275b elementor-widget elementor-widget-shortcode\" data-id=\"26f275b\" data-element_type=\"widget\" data-e-type=\"widget\" data-widget_type=\"shortcode.default\">\n\t\t\t\t\t\t\t<div class=\"elementor-shortcode\"><div class='mwai-chatbot-container' data-params='{&quot;aiName&quot;:&quot;AI Support:&quot;,&quot;userName&quot;:&quot;User: &quot;,&quot;guestName&quot;:&quot;Guest:&quot;,&quot;aiAvatar&quot;:&quot;&quot;,&quot;textSend&quot;:&quot;Send&quot;,&quot;textClear&quot;:&quot;Clear&quot;,&quot;imageUpload&quot;:false,&quot;fileUpload&quot;:false,&quot;multiUpload&quot;:false,&quot;maxUploads&quot;:1,&quot;fileUploads&quot;:0,&quot;mode&quot;:&quot;chat&quot;,&quot;textInputPlaceholder&quot;:&quot;Type your message...&quot;,&quot;textInputMaxLength&quot;:512,&quot;textCompliance&quot;:&quot;&quot;,&quot;startSentence&quot;:&quot;Hi! How can I help you?&quot;,&quot;localMemory&quot;:true,&quot;themeId&quot;:&quot;chatgpt&quot;,&quot;window&quot;:false,&quot;icon&quot;:&quot;&quot;,&quot;iconText&quot;:&quot;&quot;,&quot;iconTextDelay&quot;:1,&quot;iconAlt&quot;:&quot;AI Engine Chatbot&quot;,&quot;iconPosition&quot;:&quot;bottom-right&quot;,&quot;centerOpen&quot;:false,&quot;width&quot;:&quot;&quot;,&quot;openDelay&quot;:&quot;&quot;,&quot;iconBubble&quot;:false,&quot;windowAnimation&quot;:&quot;zoom&quot;,&quot;fullscreen&quot;:false,&quot;copyButton&quot;:false,&quot;pdfButton&quot;:true,&quot;headerSubtitle&quot;:&quot;Discuss with&quot;,&quot;containerType&quot;:&quot;standard&quot;,&quot;headerType&quot;:&quot;standard&quot;,&quot;messagesType&quot;:&quot;standard&quot;,&quot;inputType&quot;:&quot;standard&quot;,&quot;footerType&quot;:&quot;standard&quot;}' data-system='{&quot;botId&quot;:&quot;default&quot;,&quot;customId&quot;:null,&quot;userData&quot;:null,&quot;sessionId&quot;:&quot;69f8535f2f521&quot;,&quot;restNonce&quot;:null,&quot;contextId&quot;:null,&quot;pluginUrl&quot;:&quot;https:\\\/\\\/repairware.ca\\\/wp-content\\\/plugins\\\/ai-engine-pro&quot;,&quot;restUrl&quot;:&quot;https:\\\/\\\/repairware.ca\\\/fr\\\/wp-json&quot;,&quot;stream&quot;:false,&quot;debugMode&quot;:false,&quot;eventLogs&quot;:false,&quot;speech_recognition&quot;:false,&quot;speech_synthesis&quot;:false,&quot;typewriter&quot;:false,&quot;crossSite&quot;:false,&quot;actions&quot;:[],&quot;blocks&quot;:[],&quot;shortcuts&quot;:[]}' data-theme='{&quot;type&quot;:&quot;internal&quot;,&quot;name&quot;:&quot;ChatGPT&quot;,&quot;themeId&quot;:&quot;chatgpt&quot;,&quot;settings&quot;:[],&quot;style&quot;:&quot;&quot;,&quot;cssUrl&quot;:&quot;https:\\\/\\\/repairware.ca\\\/wp-content\\\/plugins\\\/ai-engine-pro\\\/themes\\\/chatgpt.css&quot;}'><\/div><\/div>\n\t\t\t\t\t\t<\/div>\n\t\t\t\t<div class=\"elementor-element elementor-element-2c2dbf7 elementor-widget elementor-widget-text-editor\" data-id=\"2c2dbf7\" data-element_type=\"widget\" data-e-type=\"widget\" data-widget_type=\"text-editor.default\">\n\t\t\t\t\t\t\t\t\t<p>IA : \u00ab Posez-moi toutes vos questions sur la r\u00e9paration de votre appareil.<\/p>\t\t\t\t\t\t\t\t<\/div>\n\t\t\t\t<\/div>\n\t\t\t\t<\/div>\n\t\t\t\t\t<\/div>\n\t\t\t\t<\/div>\n\t\t\t\t<\/div>","protected":false},"excerpt":{"rendered":"<p>Products We Service by Major Models At RepairWare, our certified technicians are trained to service all major appliance types and [&hellip;]<\/p>\n","protected":false},"author":2,"featured_media":0,"parent":0,"menu_order":0,"comment_status":"closed","ping_status":"closed","template":"","meta":{"_eb_attr":"","site-sidebar-layout":"no-sidebar","site-content-layout":"","ast-site-content-layout":"full-width-container","site-content-style":"default","site-sidebar-style":"default","ast-global-header-display":"","ast-banner-title-visibility":"","ast-main-header-display":"","ast-hfb-above-header-display":"","ast-hfb-below-header-display":"","ast-hfb-mobile-header-display":"","site-post-title":"","ast-breadcrumbs-content":"","ast-featured-img":"disabled","footer-sml-layout":"","ast-disable-related-posts":"","theme-transparent-header-meta":"","adv-header-id-meta":"","stick-header-meta":"","header-above-stick-meta":"","header-main-stick-meta":"","header-below-stick-meta":"","astra-migrate-meta-layouts":"default","ast-page-background-enabled":"default","ast-page-background-meta":{"desktop":{"background-color":"var(--ast-global-color-4)","background-image":"","background-repeat":"repeat","background-position":"center center","background-size":"auto","background-attachment":"scroll","background-type":"","background-media":"","overlay-type":"","overlay-color":"","overlay-opacity":"","overlay-gradient":""},"tablet":{"background-color":"","background-image":"","background-repeat":"repeat","background-position":"center center","background-size":"auto","background-attachment":"scroll","background-type":"","background-media":"","overlay-type":"","overlay-color":"","overlay-opacity":"","overlay-gradient":""},"mobile":{"background-color":"","background-image":"","background-repeat":"repeat","background-position":"center center","background-size":"auto","background-attachment":"scroll","background-type":"","background-media":"","overlay-type":"","overlay-color":"","overlay-opacity":"","overlay-gradient":""}},"ast-content-background-meta":{"desktop":{"background-color":"var(--ast-global-color-5)","background-image":"","background-repeat":"repeat","background-position":"center center","background-size":"auto","background-attachment":"scroll","background-type":"","background-media":"","overlay-type":"","overlay-color":"","overlay-opacity":"","overlay-gradient":""},"tablet":{"background-color":"var(--ast-global-color-5)","background-image":"","background-repeat":"repeat","background-position":"center center","background-size":"auto","background-attachment":"scroll","background-type":"","background-media":"","overlay-type":"","overlay-color":"","overlay-opacity":"","overlay-gradient":""},"mobile":{"background-color":"var(--ast-global-color-5)","background-image":"","background-repeat":"repeat","background-position":"center center","background-size":"auto","background-attachment":"scroll","background-type":"","background-media":"","overlay-type":"","overlay-color":"","overlay-opacity":"","overlay-gradient":""}},"footnotes":""},"class_list":["post-11287","page","type-page","status-publish","hentry"],"yoast_head":"<!-- This site is optimized with the Yoast SEO Premium plugin v27.5 (Yoast SEO v27.5) - https:\/\/yoast.com\/product\/yoast-seo-premium-wordpress\/ -->\n<title>Products Serviced: An Overview for Customers - RepairWare<\/title>\n<meta name=\"description\" content=\"Explore our page for detailed insights on the products serviced in our offerings and how they can benefit you.\" \/>\n<meta name=\"robots\" content=\"index, follow, max-snippet:-1, max-image-preview:large, max-video-preview:-1\" \/>\n<link rel=\"canonical\" href=\"https:\/\/repairware.ca\/fr\/procducts-serviced-by-repairware\/\" \/>\n<meta property=\"og:locale\" content=\"fr_CA\" \/>\n<meta property=\"og:type\" content=\"article\" \/>\n<meta property=\"og:title\" content=\"Products Serviced By RepairWare\" \/>\n<meta property=\"og:description\" content=\"Explore our page for detailed insights on the products serviced in our offerings and how they can benefit you.\" \/>\n<meta property=\"og:url\" content=\"https:\/\/repairware.ca\/fr\/procducts-serviced-by-repairware\/\" \/>\n<meta property=\"og:site_name\" content=\"RepairWare\" \/>\n<meta property=\"article:publisher\" content=\"https:\/\/www.facebook.com\/repareware\/\" \/>\n<meta property=\"article:modified_time\" content=\"2025-10-03T15:03:00+00:00\" \/>\n<meta property=\"og:image\" content=\"http:\/\/repairware.ca\/wp-content\/uploads\/2025\/09\/Gemini_Generated_Image_tpzm0xtpzm0xtpzm-300x300.png\" \/>\n<meta name=\"twitter:card\" content=\"summary_large_image\" \/>\n<meta name=\"twitter:site\" content=\"@RepairWareCAN\" \/>\n<meta name=\"twitter:label1\" content=\"Estimation du temps de lecture\" \/>\n\t<meta name=\"twitter:data1\" content=\"3 minutes\" \/>\n<!-- \/ Yoast SEO Premium plugin. -->","yoast_head_json":{"title":"Produits r\u00e9par\u00e9s\u00a0: aper\u00e7u pour les clients - RepairWare","description":"Explorez notre page pour obtenir des informations d\u00e9taill\u00e9es sur les produits propos\u00e9s dans nos offres et sur la mani\u00e8re dont ils peuvent vous \u00eatre utiles.","robots":{"index":"index","follow":"follow","max-snippet":"max-snippet:-1","max-image-preview":"max-image-preview:large","max-video-preview":"max-video-preview:-1"},"canonical":"https:\/\/repairware.ca\/fr\/procducts-serviced-by-repairware\/","og_locale":"fr_CA","og_type":"article","og_title":"Products Serviced By RepairWare","og_description":"Explore our page for detailed insights on the products serviced in our offerings and how they can benefit you.","og_url":"https:\/\/repairware.ca\/fr\/procducts-serviced-by-repairware\/","og_site_name":"RepairWare","article_publisher":"https:\/\/www.facebook.com\/repareware\/","article_modified_time":"2025-10-03T15:03:00+00:00","og_image":[{"url":"http:\/\/repairware.ca\/wp-content\/uploads\/2025\/09\/Gemini_Generated_Image_tpzm0xtpzm0xtpzm-300x300.png","type":"","width":"","height":""}],"twitter_card":"summary_large_image","twitter_site":"@RepairWareCAN","twitter_misc":{"Estimation du temps de lecture":"3 minutes"},"schema":{"@context":"https:\/\/schema.org","@graph":[{"@type":"WebPage","@id":"https:\/\/repairware.ca\/procducts-serviced-by-repairware\/","url":"https:\/\/repairware.ca\/procducts-serviced-by-repairware\/","name":"Produits r\u00e9par\u00e9s\u00a0: aper\u00e7u pour les clients - RepairWare","isPartOf":{"@id":"http:\/\/repairware.ca\/#website"},"primaryImageOfPage":{"@id":"https:\/\/repairware.ca\/procducts-serviced-by-repairware\/#primaryimage"},"image":{"@id":"https:\/\/repairware.ca\/procducts-serviced-by-repairware\/#primaryimage"},"thumbnailUrl":"http:\/\/repairware.ca\/wp-content\/uploads\/2025\/09\/Gemini_Generated_Image_tpzm0xtpzm0xtpzm-300x300.png","datePublished":"2025-09-01T23:24:53+00:00","dateModified":"2025-10-03T15:03:00+00:00","description":"Explorez notre page pour obtenir des informations d\u00e9taill\u00e9es sur les produits propos\u00e9s dans nos offres et sur la mani\u00e8re dont ils peuvent vous \u00eatre utiles.","breadcrumb":{"@id":"https:\/\/repairware.ca\/procducts-serviced-by-repairware\/#breadcrumb"},"inLanguage":"fr-CA","potentialAction":[{"@type":"ReadAction","target":["https:\/\/repairware.ca\/procducts-serviced-by-repairware\/"]}]},{"@type":"ImageObject","inLanguage":"fr-CA","@id":"https:\/\/repairware.ca\/procducts-serviced-by-repairware\/#primaryimage","url":"http:\/\/repairware.ca\/wp-content\/uploads\/2025\/09\/Gemini_Generated_Image_tpzm0xtpzm0xtpzm-300x300.png","contentUrl":"http:\/\/repairware.ca\/wp-content\/uploads\/2025\/09\/Gemini_Generated_Image_tpzm0xtpzm0xtpzm-300x300.png"},{"@type":"BreadcrumbList","@id":"https:\/\/repairware.ca\/procducts-serviced-by-repairware\/#breadcrumb","itemListElement":[{"@type":"ListItem","position":1,"name":"Home","item":"https:\/\/repairware.ca\/"},{"@type":"ListItem","position":2,"name":"Products Serviced By RepairWare"}]},{"@type":"WebSite","@id":"http:\/\/repairware.ca\/#website","url":"http:\/\/repairware.ca\/","name":"RepairWare","description":"Repairware","publisher":{"@id":"http:\/\/repairware.ca\/#organization"},"potentialAction":[{"@type":"SearchAction","target":{"@type":"EntryPoint","urlTemplate":"http:\/\/repairware.ca\/?s={search_term_string}"},"query-input":{"@type":"PropertyValueSpecification","valueRequired":true,"valueName":"search_term_string"}}],"inLanguage":"fr-CA"},{"@type":"Organization","@id":"http:\/\/repairware.ca\/#organization","name":"RepairWare","url":"http:\/\/repairware.ca\/","logo":{"@type":"ImageObject","inLanguage":"fr-CA","@id":"http:\/\/repairware.ca\/#\/schema\/logo\/image\/","url":"http:\/\/repairware.ca\/wp-content\/uploads\/2024\/06\/image-4.png","contentUrl":"http:\/\/repairware.ca\/wp-content\/uploads\/2024\/06\/image-4.png","width":400,"height":163,"caption":"RepairWare"},"image":{"@id":"http:\/\/repairware.ca\/#\/schema\/logo\/image\/"},"sameAs":["https:\/\/www.facebook.com\/repareware\/","https:\/\/x.com\/RepairWareCAN","https:\/\/www.linkedin.com\/company\/repairware"]}]}},"_links":{"self":[{"href":"https:\/\/repairware.ca\/fr\/wp-json\/wp\/v2\/pages\/11287","targetHints":{"allow":["GET"]}}],"collection":[{"href":"https:\/\/repairware.ca\/fr\/wp-json\/wp\/v2\/pages"}],"about":[{"href":"https:\/\/repairware.ca\/fr\/wp-json\/wp\/v2\/types\/page"}],"author":[{"embeddable":true,"href":"https:\/\/repairware.ca\/fr\/wp-json\/wp\/v2\/users\/2"}],"replies":[{"embeddable":true,"href":"https:\/\/repairware.ca\/fr\/wp-json\/wp\/v2\/comments?post=11287"}],"version-history":[{"count":0,"href":"https:\/\/repairware.ca\/fr\/wp-json\/wp\/v2\/pages\/11287\/revisions"}],"wp:attachment":[{"href":"https:\/\/repairware.ca\/fr\/wp-json\/wp\/v2\/media?parent=11287"}],"curies":[{"name":"wp","href":"https:\/\/api.w.org\/{rel}","templated":true}]}}